{"id":62,"date":"2017-01-12T22:05:46","date_gmt":"2017-01-12T21:05:46","guid":{"rendered":"http:\/\/www.thebarumfabula.es\/?page_id=62"},"modified":"2019-10-01T15:40:37","modified_gmt":"2019-10-01T13:40:37","slug":"proyecto","status":"publish","type":"page","link":"https:\/\/thebarumfabula.usc.es\/en\/proyecto\/","title":{"rendered":"Project"},"content":{"rendered":"<p class=\"twocolumn\">The research team&nbsp;<em>Oedipodioniae Thebae. Biblioteca Grecorromana sobre la guerra civil<\/em>&nbsp;\u2014FFI2015-68599-R (MINECO\/FEDER)\u2014 emerged in 2016 as a result of the awareness that, having already achieved the objective of making a large part of ancient texts available on the net free of charge, researchers in Classical Philology should assume the responsibility of making the presence of Greek and Latin works on the Internet less purely informative, and hence more academic and more suitable for a highly specialized audience. This entails improving the quality of the editions and the encoding system of the texts.<br><br>Our initiative, together with others that have been launched very recently, is a pioneer in the world of classical languages in the sense that other projects aiming at the creation of digital libraries with premises similar to ours are limited to a single author.<br><br>In contrast to the immobility that characterizes practically all currently existing digital resources, we use dynamic web technology with access to a database that allow the visualization of the critical apparatus as well as the parallel reading of the translation in various modern languages.<br><br>This is a long-term project, incorporating the possibility that, in subsequent phases, this platform will accommodate a far wider corpus of texts, in the development of which any researchers who may wish to participate can do so, as long as they are committed to compliance with our conditions on quality.<\/p>","protected":false},"excerpt":{"rendered":"<p>El equipo de investigaci\u00f3n&nbsp;Oedipodioniae Thebae. Biblioteca Grecorromana sobre la guerra civil&nbsp;\u2014FFI2015-68599-R (MINECO\/FEDER)\u2014 surgi\u00f3 en 2016 fruto de la conciencia de que, cumplido ya el objetivo de que gran parte de los textos antiguos est\u00e1n disponibles en la red de forma gratuita, los investigadores de Filolog\u00eda Cl\u00e1sica deb\u00edamos asumir la responsabilidad de que la presencia en&#8230;<\/p>","protected":false},"author":1,"featured_media":75,"parent":0,"menu_order":11,"comment_status":"closed","ping_status":"closed","template":"template-full-width.php","meta":{"footnotes":""},"class_list":["post-62","page","type-page","status-publish","has-post-thumbnail","hentry"],"_links":{"self":[{"href":"https:\/\/thebarumfabula.usc.es\/en\/wp-json\/wp\/v2\/pages\/62","targetHints":{"allow":["GET"]}}],"collection":[{"href":"https:\/\/thebarumfabula.usc.es\/en\/wp-json\/wp\/v2\/pages"}],"about":[{"href":"https:\/\/thebarumfabula.usc.es\/en\/wp-json\/wp\/v2\/types\/page"}],"author":[{"embeddable":true,"href":"https:\/\/thebarumfabula.usc.es\/en\/wp-json\/wp\/v2\/users\/1"}],"replies":[{"embeddable":true,"href":"https:\/\/thebarumfabula.usc.es\/en\/wp-json\/wp\/v2\/comments?post=62"}],"version-history":[{"count":2,"href":"https:\/\/thebarumfabula.usc.es\/en\/wp-json\/wp\/v2\/pages\/62\/revisions"}],"predecessor-version":[{"id":673,"href":"https:\/\/thebarumfabula.usc.es\/en\/wp-json\/wp\/v2\/pages\/62\/revisions\/673"}],"wp:featuredmedia":[{"embeddable":true,"href":"https:\/\/thebarumfabula.usc.es\/en\/wp-json\/wp\/v2\/media\/75"}],"wp:attachment":[{"href":"https:\/\/thebarumfabula.usc.es\/en\/wp-json\/wp\/v2\/media?parent=62"}],"curies":[{"name":"wp","href":"https:\/\/api.w.org\/{rel}","templated":true}]}}