{"id":276,"date":"2017-01-14T17:12:51","date_gmt":"2017-01-14T16:12:51","guid":{"rendered":"http:\/\/www.thebarumfabula.es\/?page_id=2"},"modified":"2020-07-22T10:21:21","modified_gmt":"2020-07-22T08:21:21","slug":"inicio","status":"publish","type":"page","link":"https:\/\/thebarumfabula.usc.es\/en\/","title":{"rendered":"Digital Library of the Theban Myth"},"content":{"rendered":"<p class=\"twocolumn\">A research project that aims to create an open-access website to serve as an exhaustive repository of resources, standard critical editions and recent translations of Greek and Roman works dealing with the fratricidal struggles of the\u00a0<em>Terrigenae<\/em>\u00a0and the sons of Oedipus, Eteocles and Polynices.<br><br>Although of Spanish origins, the project has clear collaborative and international objectives, and enjoys the participation of academic staff from\u00a0<a rel=\"noreferrer noopener\" href=\"http:\/\/www.usc.es\/es\/index.html\" target=\"_blank\">USC (Universidad de Santiago de Compostela)<\/a>, the\u00a0<a href=\"http:\/\/www.ehu.eus\/es\/\">UPV-EHU (Universidad del Pa\u00eds Vasco)<\/a>, the\u00a0<a rel=\"noreferrer noopener\" href=\"https:\/\/www.uam.es\/ss\/Satellite\/es\/home\/\" target=\"_blank\">UAM (Universidad Aut\u00f3noma de Madrid)<\/a>, the <a href=\"http:\/\/www.buffalo.edu\" target=\"_blank\" rel=\"noreferrer noopener\">University at Buffalo<\/a>, the\u00a0<a rel=\"noreferrer noopener\" href=\"http:\/\/www.colorado.edu\/\" target=\"_blank\">University of Colorado Boulder<\/a>\u00a0, the\u00a0<a rel=\"noreferrer noopener\" href=\"http:\/\/www.sns.it\/\" target=\"_blank\">Scuola Normale Superiore di Pisa<\/a>, the\u00a0<a href=\"https:\/\/illinois.edu\/\">University of Illinois<\/a>, the\u00a0<a href=\"https:\/\/www.unam.mx\/\">UNAM (Universidad Nacional Aut\u00f3noma de M\u00e9xico)<\/a> and the\u00a0<a href=\"https:\/\/web.uniroma2.it\/\">Universit\u00e0 degli Studi di Roma <em>Tor Vergata<\/em><\/a>.<br><br>In this first phase (2016-2019) the research project is financed by the Ministry of Economy and Competitivity of the Spanish Government: FFI2015-68599-R (MINECO\/FEDER).<\/p>\n\n\n\n<h6 class=\"has-text-align-center wp-block-heading\">Collaborating Universities<\/h6>\n\n\n<div id='gallery-2' class='gallery galleryid-276 gallery-columns-9 gallery-size-full'><figure class='gallery-item'>\n\t\t\t<div class='gallery-icon landscape'>\n\t\t\t\t<a title=\"\" href=\"https:\/\/www.sns.it\"><img loading=\"lazy\" decoding=\"async\" width=\"150\" height=\"72\" src=\"https:\/\/thebarumfabula.usc.es\/wp-content\/uploads\/2018\/02\/logo-Pisa.png\" class=\"attachment-full size-full\" alt=\"\" \/><\/a>\n\t\t\t<\/div><\/figure><figure class='gallery-item'>\n\t\t\t<div class='gallery-icon landscape'>\n\t\t\t\t<a title=\"\" href=\"https:\/\/web.uniroma2.it\"><img loading=\"lazy\" decoding=\"async\" width=\"225\" height=\"225\" src=\"https:\/\/thebarumfabula.usc.es\/wp-content\/uploads\/Baruch_Martinez_Zepeda-Tor-Vergata.png\" class=\"attachment-full size-full\" alt=\"\" srcset=\"https:\/\/thebarumfabula.usc.es\/wp-content\/uploads\/Baruch_Martinez_Zepeda-Tor-Vergata.png 225w, https:\/\/thebarumfabula.usc.es\/wp-content\/uploads\/Baruch_Martinez_Zepeda-Tor-Vergata-150x150.png 150w\" sizes=\"auto, (max-width: 225px) 100vw, 225px\" \/><\/a>\n\t\t\t<\/div><\/figure><figure class='gallery-item'>\n\t\t\t<div class='gallery-icon landscape'>\n\t\t\t\t<a title=\"\" href=\"http:\/\/www.usc.es\" target=\"_blank\" class=\"set-target\"><img loading=\"lazy\" decoding=\"async\" width=\"185\" height=\"72\" src=\"https:\/\/thebarumfabula.usc.es\/wp-content\/uploads\/2018\/02\/logo-USC.png\" class=\"attachment-full size-full\" alt=\"\" \/><\/a>\n\t\t\t<\/div><\/figure><figure class='gallery-item'>\n\t\t\t<div class='gallery-icon landscape'>\n\t\t\t\t<a title=\"\" href='https:\/\/thebarumfabula.usc.es\/en\/marcauam_centrocolor\/'><img loading=\"lazy\" decoding=\"async\" width=\"2864\" height=\"1488\" src=\"https:\/\/thebarumfabula.usc.es\/wp-content\/uploads\/marcaUAM_centroColor.png\" class=\"attachment-full size-full\" alt=\"\" srcset=\"https:\/\/thebarumfabula.usc.es\/wp-content\/uploads\/marcaUAM_centroColor.png 2864w, https:\/\/thebarumfabula.usc.es\/wp-content\/uploads\/marcaUAM_centroColor-300x156.png 300w, https:\/\/thebarumfabula.usc.es\/wp-content\/uploads\/marcaUAM_centroColor-768x399.png 768w, https:\/\/thebarumfabula.usc.es\/wp-content\/uploads\/marcaUAM_centroColor-1024x532.png 1024w, https:\/\/thebarumfabula.usc.es\/wp-content\/uploads\/marcaUAM_centroColor-460x239.png 460w\" sizes=\"auto, (max-width: 2864px) 100vw, 2864px\" \/><\/a>\n\t\t\t<\/div><\/figure><figure class='gallery-item'>\n\t\t\t<div class='gallery-icon landscape'>\n\t\t\t\t<a title=\"\" href=\"https:\/\/www.ehu.eus\"><img loading=\"lazy\" decoding=\"async\" width=\"167\" height=\"72\" src=\"https:\/\/thebarumfabula.usc.es\/wp-content\/uploads\/2018\/02\/logo-UPV.png\" class=\"attachment-full size-full\" alt=\"\" \/><\/a>\n\t\t\t<\/div><\/figure><figure class='gallery-item'>\n\t\t\t<div class='gallery-icon landscape'>\n\t\t\t\t<a title=\"\" href=\"https:\/\/www.colorado.edu\"><img loading=\"lazy\" decoding=\"async\" width=\"162\" height=\"72\" src=\"https:\/\/thebarumfabula.usc.es\/wp-content\/uploads\/2018\/02\/logo-Boulder.png\" class=\"attachment-full size-full\" alt=\"\" \/><\/a>\n\t\t\t<\/div><\/figure><figure class='gallery-item'>\n\t\t\t<div class='gallery-icon landscape'>\n\t\t\t\t<a title=\"\" href=\"http:\/\/www.buffalo.edu\" target=\"_blank\" class=\"set-target no-lightbox\"><img loading=\"lazy\" decoding=\"async\" width=\"2500\" height=\"1852\" src=\"https:\/\/thebarumfabula.usc.es\/wp-content\/uploads\/UB_Stacked_Small.png\" class=\"attachment-full size-full\" alt=\"University at Buffalo\" srcset=\"https:\/\/thebarumfabula.usc.es\/wp-content\/uploads\/UB_Stacked_Small.png 2500w, https:\/\/thebarumfabula.usc.es\/wp-content\/uploads\/UB_Stacked_Small-300x222.png 300w, https:\/\/thebarumfabula.usc.es\/wp-content\/uploads\/UB_Stacked_Small-1024x759.png 1024w, https:\/\/thebarumfabula.usc.es\/wp-content\/uploads\/UB_Stacked_Small-768x569.png 768w, https:\/\/thebarumfabula.usc.es\/wp-content\/uploads\/UB_Stacked_Small-1536x1138.png 1536w, https:\/\/thebarumfabula.usc.es\/wp-content\/uploads\/UB_Stacked_Small-2048x1517.png 2048w, https:\/\/thebarumfabula.usc.es\/wp-content\/uploads\/UB_Stacked_Small-460x341.png 460w\" sizes=\"auto, (max-width: 2500px) 100vw, 2500px\" \/><\/a>\n\t\t\t<\/div><\/figure><figure class='gallery-item'>\n\t\t\t<div class='gallery-icon landscape'>\n\t\t\t\t<a title=\"\" href=\"https:\/\/illinois.edu\" target=\"_blank\" class=\"set-target\"><img loading=\"lazy\" decoding=\"async\" width=\"609\" height=\"287\" src=\"https:\/\/thebarumfabula.usc.es\/wp-content\/uploads\/Illinois-Wordmark-Vertical-Full-Color-RGB.png\" class=\"attachment-full size-full\" alt=\"\" srcset=\"https:\/\/thebarumfabula.usc.es\/wp-content\/uploads\/Illinois-Wordmark-Vertical-Full-Color-RGB.png 609w, https:\/\/thebarumfabula.usc.es\/wp-content\/uploads\/Illinois-Wordmark-Vertical-Full-Color-RGB-300x141.png 300w, https:\/\/thebarumfabula.usc.es\/wp-content\/uploads\/Illinois-Wordmark-Vertical-Full-Color-RGB-460x217.png 460w\" sizes=\"auto, (max-width: 609px) 100vw, 609px\" \/><\/a>\n\t\t\t<\/div><\/figure><figure class='gallery-item'>\n\t\t\t<div class='gallery-icon landscape'>\n\t\t\t\t<a title=\"\" href='https:\/\/thebarumfabula.usc.es\/en\/unam\/'><img loading=\"lazy\" decoding=\"async\" width=\"519\" height=\"297\" src=\"https:\/\/thebarumfabula.usc.es\/wp-content\/uploads\/UNAM.png\" class=\"attachment-full size-full\" alt=\"\" srcset=\"https:\/\/thebarumfabula.usc.es\/wp-content\/uploads\/UNAM.png 519w, https:\/\/thebarumfabula.usc.es\/wp-content\/uploads\/UNAM-300x172.png 300w, https:\/\/thebarumfabula.usc.es\/wp-content\/uploads\/UNAM-460x263.png 460w\" sizes=\"auto, (max-width: 519px) 100vw, 519px\" \/><\/a>\n\t\t\t<\/div><\/figure>\n\t\t<\/div>\n\n\n\n<h6 class=\"has-text-align-center wp-block-heading\">Funded by<\/h6>\n\n\n<div id='gallery-4' class='gallery galleryid-276 gallery-columns-2 gallery-size-full'><figure class='gallery-item'>\n\t\t\t<div class='gallery-icon landscape'>\n\t\t\t\t<a title=\"\" href='https:\/\/thebarumfabula.usc.es\/en\/inicio\/1-logo\/'><img loading=\"lazy\" decoding=\"async\" width=\"7452\" height=\"1203\" src=\"https:\/\/thebarumfabula.usc.es\/wp-content\/uploads\/1-LOGO.png\" class=\"attachment-full size-full\" alt=\"\" srcset=\"https:\/\/thebarumfabula.usc.es\/wp-content\/uploads\/1-LOGO.png 7452w, https:\/\/thebarumfabula.usc.es\/wp-content\/uploads\/1-LOGO-300x48.png 300w, https:\/\/thebarumfabula.usc.es\/wp-content\/uploads\/1-LOGO-768x124.png 768w, https:\/\/thebarumfabula.usc.es\/wp-content\/uploads\/1-LOGO-1024x165.png 1024w, https:\/\/thebarumfabula.usc.es\/wp-content\/uploads\/1-LOGO-460x74.png 460w\" sizes=\"auto, (max-width: 7452px) 100vw, 7452px\" \/><\/a>\n\t\t\t<\/div><\/figure><figure class='gallery-item'>\n\t\t\t<div class='gallery-icon landscape'>\n\t\t\t\t<a title=\"\" href='https:\/\/thebarumfabula.usc.es\/en\/mciu_gob_web_aei\/'><img loading=\"lazy\" decoding=\"async\" width=\"2560\" height=\"496\" src=\"https:\/\/thebarumfabula.usc.es\/wp-content\/uploads\/MCIU_Gob_Web_AEI-scaled.jpg\" class=\"attachment-full size-full\" alt=\"\" srcset=\"https:\/\/thebarumfabula.usc.es\/wp-content\/uploads\/MCIU_Gob_Web_AEI-scaled.jpg 2560w, https:\/\/thebarumfabula.usc.es\/wp-content\/uploads\/MCIU_Gob_Web_AEI-300x58.jpg 300w, https:\/\/thebarumfabula.usc.es\/wp-content\/uploads\/MCIU_Gob_Web_AEI-1024x198.jpg 1024w, https:\/\/thebarumfabula.usc.es\/wp-content\/uploads\/MCIU_Gob_Web_AEI-768x149.jpg 768w, https:\/\/thebarumfabula.usc.es\/wp-content\/uploads\/MCIU_Gob_Web_AEI-1536x298.jpg 1536w, https:\/\/thebarumfabula.usc.es\/wp-content\/uploads\/MCIU_Gob_Web_AEI-2048x397.jpg 2048w, https:\/\/thebarumfabula.usc.es\/wp-content\/uploads\/MCIU_Gob_Web_AEI-460x89.jpg 460w\" sizes=\"auto, (max-width: 2560px) 100vw, 2560px\" \/><\/a>\n\t\t\t<\/div><\/figure>\n\t\t<\/div>\n\n\n\n<div class=\"wp-block-group is-layout-flow wp-block-group-is-layout-flow\"><div class=\"wp-block-group__inner-container\"><\/div><\/div>","protected":false},"excerpt":{"rendered":"<p>Proyecto investigador que pretende la creaci\u00f3n de un sitio Web de acceso libre que sirva de repositorio exhaustivo de recursos, ediciones cr\u00edticas est\u00e1ndares y traducciones recientes de las obras griegas y romanas que versan sobre las luchas fratricidas de los\u00a0Terrigenae\u00a0y de los hijos de Edipo, Eteocles y Polinices. Aunque de factura espa\u00f1ola, el proyecto tiene&#8230;<\/p>","protected":false},"author":1,"featured_media":434,"parent":0,"menu_order":2,"comment_status":"closed","ping_status":"closed","template":"template-full-width.php","meta":{"footnotes":""},"class_list":["post-276","page","type-page","status-publish","has-post-thumbnail","hentry"],"_links":{"self":[{"href":"https:\/\/thebarumfabula.usc.es\/en\/wp-json\/wp\/v2\/pages\/276","targetHints":{"allow":["GET"]}}],"collection":[{"href":"https:\/\/thebarumfabula.usc.es\/en\/wp-json\/wp\/v2\/pages"}],"about":[{"href":"https:\/\/thebarumfabula.usc.es\/en\/wp-json\/wp\/v2\/types\/page"}],"author":[{"embeddable":true,"href":"https:\/\/thebarumfabula.usc.es\/en\/wp-json\/wp\/v2\/users\/1"}],"replies":[{"embeddable":true,"href":"https:\/\/thebarumfabula.usc.es\/en\/wp-json\/wp\/v2\/comments?post=276"}],"version-history":[{"count":40,"href":"https:\/\/thebarumfabula.usc.es\/en\/wp-json\/wp\/v2\/pages\/276\/revisions"}],"predecessor-version":[{"id":841,"href":"https:\/\/thebarumfabula.usc.es\/en\/wp-json\/wp\/v2\/pages\/276\/revisions\/841"}],"wp:featuredmedia":[{"embeddable":true,"href":"https:\/\/thebarumfabula.usc.es\/en\/wp-json\/wp\/v2\/media\/434"}],"wp:attachment":[{"href":"https:\/\/thebarumfabula.usc.es\/en\/wp-json\/wp\/v2\/media?parent=276"}],"curies":[{"name":"wp","href":"https:\/\/api.w.org\/{rel}","templated":true}]}}